{"id":19,"date":"2024-10-01T18:21:45","date_gmt":"2024-10-01T18:21:45","guid":{"rendered":"https:\/\/safesmartenergy.com\/?page_id=19"},"modified":"2025-08-06T10:17:54","modified_gmt":"2025-08-06T10:17:54","slug":"portfolio","status":"publish","type":"page","link":"https:\/\/safesmartenergy.com\/de\/portfolio\/","title":{"rendered":"Portfolio"},"content":{"rendered":"<div data-elementor-type=\"wp-page\" data-elementor-id=\"19\" class=\"elementor elementor-19\" data-elementor-post-type=\"page\">\n\t\t\t\t<div class=\"elementor-element elementor-element-cff7f79 e-flex e-con-boxed e-con e-parent\" data-id=\"cff7f79\" data-element_type=\"container\">\n\t\t\t\t\t<div class=\"e-con-inner\">\n\t\t\t\t<div class=\"elementor-element elementor-element-2ae4036 elementor-widget elementor-widget-heading\" data-id=\"2ae4036\" data-element_type=\"widget\" data-widget_type=\"heading.default\">\n\t\t\t\t<div class=\"elementor-widget-container\">\n\t\t\t\t\t<h1 class=\"elementor-heading-title elementor-size-default\">Portfolio<\/h1>\t\t\t\t<\/div>\n\t\t\t\t<\/div>\n\t\t\t\t<div class=\"elementor-element elementor-element-1ee6bbe elementor-grid-3 elementor-grid-tablet-2 elementor-grid-mobile-1 elementor-posts--thumbnail-top elementor-widget elementor-widget-posts\" data-id=\"1ee6bbe\" data-element_type=\"widget\" data-settings=\"{&quot;classic_columns&quot;:&quot;3&quot;,&quot;classic_columns_tablet&quot;:&quot;2&quot;,&quot;classic_columns_mobile&quot;:&quot;1&quot;,&quot;classic_row_gap&quot;:{&quot;unit&quot;:&quot;px&quot;,&quot;size&quot;:35,&quot;sizes&quot;:[]},&quot;classic_row_gap_laptop&quot;:{&quot;unit&quot;:&quot;px&quot;,&quot;size&quot;:&quot;&quot;,&quot;sizes&quot;:[]},&quot;classic_row_gap_tablet&quot;:{&quot;unit&quot;:&quot;px&quot;,&quot;size&quot;:&quot;&quot;,&quot;sizes&quot;:[]},&quot;classic_row_gap_mobile&quot;:{&quot;unit&quot;:&quot;px&quot;,&quot;size&quot;:&quot;&quot;,&quot;sizes&quot;:[]}}\" data-widget_type=\"posts.classic\">\n\t\t\t\t<div class=\"elementor-widget-container\">\n\t\t\t\t\t\t\t<div class=\"elementor-posts-container elementor-posts elementor-posts--skin-classic elementor-grid\" role=\"list\">\n\t\t\t\t<article class=\"elementor-post elementor-grid-item post-2502 post type-post status-publish format-standard has-post-thumbnail hentry category-portfolio\" role=\"listitem\">\n\t\t\t\t<a class=\"elementor-post__thumbnail__link\" href=\"https:\/\/safesmartenergy.com\/de\/ventanas-correderas-panoramicas-para-villas-con-acceso-directo-a-la-piscina-proyecto-en-benidorm\/\" tabindex=\"-1\" >\n\t\t\t<div class=\"elementor-post__thumbnail\"><img fetchpriority=\"high\" decoding=\"async\" width=\"1280\" height=\"914\" src=\"https:\/\/safesmartenergy.com\/wp-content\/uploads\/2026\/03\/photo_2026-03-24_11-24-14.jpg\" class=\"attachment-full size-full wp-image-2492\" alt=\"acristalamiento panor\u00e1mico de suelo a techo en vivienda de lujo en la Costa Blanca\" srcset=\"https:\/\/safesmartenergy.com\/wp-content\/uploads\/2026\/03\/photo_2026-03-24_11-24-14.jpg 1280w, https:\/\/safesmartenergy.com\/wp-content\/uploads\/2026\/03\/photo_2026-03-24_11-24-14-300x214.jpg 300w, https:\/\/safesmartenergy.com\/wp-content\/uploads\/2026\/03\/photo_2026-03-24_11-24-14-1024x731.jpg 1024w, https:\/\/safesmartenergy.com\/wp-content\/uploads\/2026\/03\/photo_2026-03-24_11-24-14-768x548.jpg 768w, https:\/\/safesmartenergy.com\/wp-content\/uploads\/2026\/03\/photo_2026-03-24_11-24-14-18x12.jpg 18w\" sizes=\"(max-width: 1280px) 100vw, 1280px\" \/><\/div>\n\t\t<\/a>\n\t\t\t\t<div class=\"elementor-post__text\">\n\t\t\t\t<h3 class=\"elementor-post__title\">\n\t\t\t<a href=\"https:\/\/safesmartenergy.com\/de\/ventanas-correderas-panoramicas-para-villas-con-acceso-directo-a-la-piscina-proyecto-en-benidorm\/\" >\n\t\t\t\tPanoramische Schiebefenster f\u00fcr Villen mit direktem Zugang zum Pool: Projekt in Benidorm\t\t\t<\/a>\n\t\t<\/h3>\n\t\t\t\t<div class=\"elementor-post__excerpt\">\n\t\t\t<p>La arquitectura moderna se construye cada vez m\u00e1s en torno a la luz, el espacio y la sensaci\u00f3n de apertura.<\/p>\n\t\t<\/div>\n\t\t\n\t\t<a class=\"elementor-post__read-more\" href=\"https:\/\/safesmartenergy.com\/de\/ventanas-correderas-panoramicas-para-villas-con-acceso-directo-a-la-piscina-proyecto-en-benidorm\/\" aria-label=\"Read more about Ventanas correderas panor\u00e1micas para villas con acceso directo a la piscina: proyecto en Benidorm\" tabindex=\"-1\" >\n\t\t\tLeer m\u00e1s \u00bb\t\t<\/a>\n\n\t\t\t\t<\/div>\n\t\t\t\t<\/article>\n\t\t\t\t<article class=\"elementor-post elementor-grid-item post-2253 post type-post status-publish format-standard has-post-thumbnail hentry category-portfolio tag-portfolio\" role=\"listitem\">\n\t\t\t\t<a class=\"elementor-post__thumbnail__link\" href=\"https:\/\/safesmartenergy.com\/de\/un-espacio-seguro-y-moderno-en-la-terraza-y-el-balcon\/\" tabindex=\"-1\" >\n\t\t\t<div class=\"elementor-post__thumbnail\"><img decoding=\"async\" width=\"1080\" height=\"1080\" src=\"https:\/\/safesmartenergy.com\/wp-content\/uploads\/2024\/12\/Diseno-sin-titulo-32.jpg\" class=\"attachment-full size-full wp-image-2255\" alt=\"\" srcset=\"https:\/\/safesmartenergy.com\/wp-content\/uploads\/2024\/12\/Diseno-sin-titulo-32.jpg 1080w, https:\/\/safesmartenergy.com\/wp-content\/uploads\/2024\/12\/Diseno-sin-titulo-32-300x300.jpg 300w, https:\/\/safesmartenergy.com\/wp-content\/uploads\/2024\/12\/Diseno-sin-titulo-32-1024x1024.jpg 1024w, https:\/\/safesmartenergy.com\/wp-content\/uploads\/2024\/12\/Diseno-sin-titulo-32-150x150.jpg 150w, https:\/\/safesmartenergy.com\/wp-content\/uploads\/2024\/12\/Diseno-sin-titulo-32-768x768.jpg 768w\" sizes=\"(max-width: 1080px) 100vw, 1080px\" \/><\/div>\n\t\t<\/a>\n\t\t\t\t<div class=\"elementor-post__text\">\n\t\t\t\t<h3 class=\"elementor-post__title\">\n\t\t\t<a href=\"https:\/\/safesmartenergy.com\/de\/un-espacio-seguro-y-moderno-en-la-terraza-y-el-balcon\/\" >\n\t\t\t\tUn espacio seguro y moderno en la terraza y el balc\u00f3n\t\t\t<\/a>\n\t\t<\/h3>\n\t\t\t\t<div class=\"elementor-post__excerpt\">\n\t\t\t<p>Garantizar la seguridad y un dise\u00f1o elegante en la terraza y el balc\u00f3n mediante la instalaci\u00f3n de una barandilla de vidrio en la terraza y un sistema de pasamanos met\u00e1lico en el balc\u00f3n.<\/p>\n\t\t<\/div>\n\t\t\n\t\t<a class=\"elementor-post__read-more\" href=\"https:\/\/safesmartenergy.com\/de\/un-espacio-seguro-y-moderno-en-la-terraza-y-el-balcon\/\" aria-label=\"Read more about Un espacio seguro y moderno en la terraza y el balc\u00f3n\" tabindex=\"-1\" >\n\t\t\tLeer m\u00e1s \u00bb\t\t<\/a>\n\n\t\t\t\t<\/div>\n\t\t\t\t<\/article>\n\t\t\t\t<article class=\"elementor-post elementor-grid-item post-2237 post type-post status-publish format-standard has-post-thumbnail hentry category-portfolio tag-portfolio\" role=\"listitem\">\n\t\t\t\t<a class=\"elementor-post__thumbnail__link\" href=\"https:\/\/safesmartenergy.com\/de\/barandilla-francesa-para-ventanas-de-suelo-a-techo-la-solucion-perfecta-para-seguridad-y-estilo\/\" tabindex=\"-1\" >\n\t\t\t<div class=\"elementor-post__thumbnail\"><img decoding=\"async\" width=\"1080\" height=\"1080\" src=\"https:\/\/safesmartenergy.com\/wp-content\/uploads\/2024\/12\/Diseno-sin-titulo-30.jpg\" class=\"attachment-full size-full wp-image-2238\" alt=\"\" srcset=\"https:\/\/safesmartenergy.com\/wp-content\/uploads\/2024\/12\/Diseno-sin-titulo-30.jpg 1080w, https:\/\/safesmartenergy.com\/wp-content\/uploads\/2024\/12\/Diseno-sin-titulo-30-300x300.jpg 300w, https:\/\/safesmartenergy.com\/wp-content\/uploads\/2024\/12\/Diseno-sin-titulo-30-1024x1024.jpg 1024w, https:\/\/safesmartenergy.com\/wp-content\/uploads\/2024\/12\/Diseno-sin-titulo-30-150x150.jpg 150w, https:\/\/safesmartenergy.com\/wp-content\/uploads\/2024\/12\/Diseno-sin-titulo-30-768x768.jpg 768w\" sizes=\"(max-width: 1080px) 100vw, 1080px\" \/><\/div>\n\t\t<\/a>\n\t\t\t\t<div class=\"elementor-post__text\">\n\t\t\t\t<h3 class=\"elementor-post__title\">\n\t\t\t<a href=\"https:\/\/safesmartenergy.com\/de\/barandilla-francesa-para-ventanas-de-suelo-a-techo-la-solucion-perfecta-para-seguridad-y-estilo\/\" >\n\t\t\t\tBarandilla francesa para ventanas de suelo a techo: la soluci\u00f3n perfecta para seguridad y estilo\t\t\t<\/a>\n\t\t<\/h3>\n\t\t\t\t<div class=\"elementor-post__excerpt\">\n\t\t\t<p>Dise\u00f1ar una barandilla francesa confiable para ventanas de suelo a techo que garantice un alto nivel de seguridad, permita un m\u00e1ximo aprovechamiento de la luz natural y complemente un interior elegante.<\/p>\n\t\t<\/div>\n\t\t\n\t\t<a class=\"elementor-post__read-more\" href=\"https:\/\/safesmartenergy.com\/de\/barandilla-francesa-para-ventanas-de-suelo-a-techo-la-solucion-perfecta-para-seguridad-y-estilo\/\" aria-label=\"Read more about Barandilla francesa para ventanas de suelo a techo: la soluci\u00f3n perfecta para seguridad y estilo\" tabindex=\"-1\" >\n\t\t\tLeer m\u00e1s \u00bb\t\t<\/a>\n\n\t\t\t\t<\/div>\n\t\t\t\t<\/article>\n\t\t\t\t<article class=\"elementor-post elementor-grid-item post-2234 post type-post status-publish format-standard has-post-thumbnail hentry category-portfolio tag-portfolio\" role=\"listitem\">\n\t\t\t\t<a class=\"elementor-post__thumbnail__link\" href=\"https:\/\/safesmartenergy.com\/de\/puertas-y-ventanas-contra-incendios-para-una-residencia-privada\/\" tabindex=\"-1\" >\n\t\t\t<div class=\"elementor-post__thumbnail\"><img loading=\"lazy\" decoding=\"async\" width=\"1080\" height=\"1080\" src=\"https:\/\/safesmartenergy.com\/wp-content\/uploads\/2024\/12\/Diseno-sin-titulo-29.jpg\" class=\"attachment-full size-full wp-image-2235\" alt=\"\" srcset=\"https:\/\/safesmartenergy.com\/wp-content\/uploads\/2024\/12\/Diseno-sin-titulo-29.jpg 1080w, https:\/\/safesmartenergy.com\/wp-content\/uploads\/2024\/12\/Diseno-sin-titulo-29-300x300.jpg 300w, https:\/\/safesmartenergy.com\/wp-content\/uploads\/2024\/12\/Diseno-sin-titulo-29-1024x1024.jpg 1024w, https:\/\/safesmartenergy.com\/wp-content\/uploads\/2024\/12\/Diseno-sin-titulo-29-150x150.jpg 150w, https:\/\/safesmartenergy.com\/wp-content\/uploads\/2024\/12\/Diseno-sin-titulo-29-768x768.jpg 768w\" sizes=\"(max-width: 1080px) 100vw, 1080px\" \/><\/div>\n\t\t<\/a>\n\t\t\t\t<div class=\"elementor-post__text\">\n\t\t\t\t<h3 class=\"elementor-post__title\">\n\t\t\t<a href=\"https:\/\/safesmartenergy.com\/de\/puertas-y-ventanas-contra-incendios-para-una-residencia-privada\/\" >\n\t\t\t\tPuertas y ventanas contra incendios para una residencia privada\t\t\t<\/a>\n\t\t<\/h3>\n\t\t\t\t<div class=\"elementor-post__excerpt\">\n\t\t\t<p>Dise\u00f1ar un sistema confiable de protecci\u00f3n contra incendios para una residencia privada en Viena, instalando puertas y ventanas que resistan temperaturas extremas y cumplan con altos est\u00e1ndares de aislamiento ac\u00fastico y eficiencia energ\u00e9tica, manteniendo un estilo personalizado.<\/p>\n\t\t<\/div>\n\t\t\n\t\t<a class=\"elementor-post__read-more\" href=\"https:\/\/safesmartenergy.com\/de\/puertas-y-ventanas-contra-incendios-para-una-residencia-privada\/\" aria-label=\"Read more about Puertas y ventanas contra incendios para una residencia privada\" tabindex=\"-1\" >\n\t\t\tLeer m\u00e1s \u00bb\t\t<\/a>\n\n\t\t\t\t<\/div>\n\t\t\t\t<\/article>\n\t\t\t\t<article class=\"elementor-post elementor-grid-item post-2229 post type-post status-publish format-standard has-post-thumbnail hentry category-portfolio tag-portfolio\" role=\"listitem\">\n\t\t\t\t<a class=\"elementor-post__thumbnail__link\" href=\"https:\/\/safesmartenergy.com\/de\/ventanas-para-una-villa-con-valor-historico\/\" tabindex=\"-1\" >\n\t\t\t<div class=\"elementor-post__thumbnail\"><img loading=\"lazy\" decoding=\"async\" width=\"1080\" height=\"1080\" src=\"https:\/\/safesmartenergy.com\/wp-content\/uploads\/2024\/12\/Diseno-sin-titulo-28.jpg\" class=\"attachment-full size-full wp-image-2232\" alt=\"\" srcset=\"https:\/\/safesmartenergy.com\/wp-content\/uploads\/2024\/12\/Diseno-sin-titulo-28.jpg 1080w, https:\/\/safesmartenergy.com\/wp-content\/uploads\/2024\/12\/Diseno-sin-titulo-28-300x300.jpg 300w, https:\/\/safesmartenergy.com\/wp-content\/uploads\/2024\/12\/Diseno-sin-titulo-28-1024x1024.jpg 1024w, https:\/\/safesmartenergy.com\/wp-content\/uploads\/2024\/12\/Diseno-sin-titulo-28-150x150.jpg 150w, https:\/\/safesmartenergy.com\/wp-content\/uploads\/2024\/12\/Diseno-sin-titulo-28-768x768.jpg 768w\" sizes=\"(max-width: 1080px) 100vw, 1080px\" \/><\/div>\n\t\t<\/a>\n\t\t\t\t<div class=\"elementor-post__text\">\n\t\t\t\t<h3 class=\"elementor-post__title\">\n\t\t\t<a href=\"https:\/\/safesmartenergy.com\/de\/ventanas-para-una-villa-con-valor-historico\/\" >\n\t\t\t\tVentanas para una villa con valor hist\u00f3rico\t\t\t<\/a>\n\t\t<\/h3>\n\t\t\t\t<div class=\"elementor-post__excerpt\">\n\t\t\t<p>Instalar ventanas de madera que conserven el car\u00e1cter hist\u00f3rico \u00fanico de la villa y, al mismo tiempo, cumplan con los m\u00e1s altos est\u00e1ndares de aislamiento ac\u00fastico y eficiencia energ\u00e9tica.<\/p>\n\t\t<\/div>\n\t\t\n\t\t<a class=\"elementor-post__read-more\" href=\"https:\/\/safesmartenergy.com\/de\/ventanas-para-una-villa-con-valor-historico\/\" aria-label=\"Read more about Ventanas para una villa con valor hist\u00f3rico\" tabindex=\"-1\" >\n\t\t\tLeer m\u00e1s \u00bb\t\t<\/a>\n\n\t\t\t\t<\/div>\n\t\t\t\t<\/article>\n\t\t\t\t<article class=\"elementor-post elementor-grid-item post-1061 post type-post status-publish format-standard has-post-thumbnail hentry category-portfolio tag-portfolio\" role=\"listitem\">\n\t\t\t\t<a class=\"elementor-post__thumbnail__link\" href=\"https:\/\/safesmartenergy.com\/de\/techo-de-vidrio-con-ventilacion-para-el-restaurante-cielo-celestial\/\" tabindex=\"-1\" >\n\t\t\t<div class=\"elementor-post__thumbnail\"><img loading=\"lazy\" decoding=\"async\" width=\"708\" height=\"1036\" src=\"https:\/\/safesmartenergy.com\/wp-content\/uploads\/2024\/09\/Captura-de-pantalla-2024-12-05-a-las-18.10.32.png\" class=\"attachment-full size-full wp-image-2160\" alt=\"\" srcset=\"https:\/\/safesmartenergy.com\/wp-content\/uploads\/2024\/09\/Captura-de-pantalla-2024-12-05-a-las-18.10.32.png 708w, https:\/\/safesmartenergy.com\/wp-content\/uploads\/2024\/09\/Captura-de-pantalla-2024-12-05-a-las-18.10.32-205x300.png 205w, https:\/\/safesmartenergy.com\/wp-content\/uploads\/2024\/09\/Captura-de-pantalla-2024-12-05-a-las-18.10.32-700x1024.png 700w\" sizes=\"(max-width: 708px) 100vw, 708px\" \/><\/div>\n\t\t<\/a>\n\t\t\t\t<div class=\"elementor-post__text\">\n\t\t\t\t<h3 class=\"elementor-post__title\">\n\t\t\t<a href=\"https:\/\/safesmartenergy.com\/de\/techo-de-vidrio-con-ventilacion-para-el-restaurante-cielo-celestial\/\" >\n\t\t\t\tTecho de vidrio con ventilaci\u00f3n para el restaurante \u201cCielo Celestial\u201d\t\t\t<\/a>\n\t\t<\/h3>\n\t\t\t\t<div class=\"elementor-post__excerpt\">\n\t\t\t<p>Reemplazar el techo antiguo por una estructura de vidrio est\u00e9tica con ventilaci\u00f3n, integrada en el marco existente.<\/p>\n\t\t<\/div>\n\t\t\n\t\t<a class=\"elementor-post__read-more\" href=\"https:\/\/safesmartenergy.com\/de\/techo-de-vidrio-con-ventilacion-para-el-restaurante-cielo-celestial\/\" aria-label=\"Read more about Techo de vidrio con ventilaci\u00f3n para el restaurante \u201cCielo Celestial\u201d\" tabindex=\"-1\" >\n\t\t\tLeer m\u00e1s \u00bb\t\t<\/a>\n\n\t\t\t\t<\/div>\n\t\t\t\t<\/article>\n\t\t\t\t<\/div>\n\t\t\n\t\t\t\t\t\t<\/div>\n\t\t\t\t<\/div>\n\t\t\t\t\t<\/div>\n\t\t\t\t<\/div>\n\t\t\t\t<\/div>","protected":false},"excerpt":{"rendered":"<p>Portfolio<\/p>","protected":false},"author":1,"featured_media":0,"parent":0,"menu_order":0,"comment_status":"closed","ping_status":"closed","template":"","meta":{"_acf_changed":false,"footnotes":""},"class_list":["post-19","page","type-page","status-publish","hentry"],"acf":[],"_links":{"self":[{"href":"https:\/\/safesmartenergy.com\/de\/wp-json\/wp\/v2\/pages\/19","targetHints":{"allow":["GET"]}}],"collection":[{"href":"https:\/\/safesmartenergy.com\/de\/wp-json\/wp\/v2\/pages"}],"about":[{"href":"https:\/\/safesmartenergy.com\/de\/wp-json\/wp\/v2\/types\/page"}],"author":[{"embeddable":true,"href":"https:\/\/safesmartenergy.com\/de\/wp-json\/wp\/v2\/users\/1"}],"replies":[{"embeddable":true,"href":"https:\/\/safesmartenergy.com\/de\/wp-json\/wp\/v2\/comments?post=19"}],"version-history":[{"count":22,"href":"https:\/\/safesmartenergy.com\/de\/wp-json\/wp\/v2\/pages\/19\/revisions"}],"predecessor-version":[{"id":2442,"href":"https:\/\/safesmartenergy.com\/de\/wp-json\/wp\/v2\/pages\/19\/revisions\/2442"}],"wp:attachment":[{"href":"https:\/\/safesmartenergy.com\/de\/wp-json\/wp\/v2\/media?parent=19"}],"curies":[{"name":"wp","href":"https:\/\/api.w.org\/{rel}","templated":true}]}}