{"id":20,"date":"2024-10-01T18:22:10","date_gmt":"2024-10-01T18:22:10","guid":{"rendered":"https:\/\/safesmartenergy.com\/?page_id=20"},"modified":"2024-12-26T10:49:48","modified_gmt":"2024-12-26T10:49:48","slug":"nosotros","status":"publish","type":"page","link":"https:\/\/safesmartenergy.com\/de\/nosotros\/","title":{"rendered":"Nosotros"},"content":{"rendered":"<div data-elementor-type=\"wp-page\" data-elementor-id=\"20\" class=\"elementor elementor-20\" data-elementor-post-type=\"page\">\n\t\t\t\t<div class=\"elementor-element elementor-element-04b22cf e-flex e-con-boxed e-con e-parent\" data-id=\"04b22cf\" data-element_type=\"container\" data-settings=\"{&quot;background_background&quot;:&quot;classic&quot;}\">\n\t\t\t\t\t<div class=\"e-con-inner\">\n\t\t<div class=\"elementor-element elementor-element-0b261f9 e-con-full e-flex e-con e-child\" data-id=\"0b261f9\" data-element_type=\"container\">\n\t\t\t\t<div class=\"elementor-element elementor-element-9749793 elementor-widget elementor-widget-heading\" data-id=\"9749793\" data-element_type=\"widget\" data-widget_type=\"heading.default\">\n\t\t\t\t<div class=\"elementor-widget-container\">\n\t\t\t\t\t<h1 class=\"elementor-heading-title elementor-size-default\">SSE: Innovaci\u00f3n en Ventanas y Puertas<\/h1>\t\t\t\t<\/div>\n\t\t\t\t<\/div>\n\t\t\t\t<div class=\"elementor-element elementor-element-a69eac7 elementor-widget elementor-widget-heading\" data-id=\"a69eac7\" data-element_type=\"widget\" data-widget_type=\"heading.default\">\n\t\t\t\t<div class=\"elementor-widget-container\">\n\t\t\t\t\t<h2 class=\"elementor-heading-title elementor-size-default\">Safe Smart Energy<\/h2>\t\t\t\t<\/div>\n\t\t\t\t<\/div>\n\t\t\t\t<div class=\"elementor-element elementor-element-5eed30d elementor-widget elementor-widget-text-editor\" data-id=\"5eed30d\" data-element_type=\"widget\" data-widget_type=\"text-editor.default\">\n\t\t\t\t<div class=\"elementor-widget-container\">\n\t\t\t\t\t\t\t\t\t<p data-pm-slice=\"1 1 []\">En SSE\u00a0 comprendemos que las ventanas y puertas no son solo componentes funcionales de una edificaci\u00f3n, sino elementos esenciales que definen el confort y la calidad de vida en el hogar. Nuestra historia comenz\u00f3 en 2017 con una visi\u00f3n clara: proporcionar soluciones innovadoras en el \u00e1mbito del acristalamiento que realmente respondan a las necesidades de las personas, en lugar de simplemente cubrir espacios vac\u00edos. Con m\u00e1s de 20 a\u00f1os de experiencia acumulada en nuestro equipo, ofrecemos tecnolog\u00edas de vanguardia y un servicio excepcional.<\/p>\t\t\t\t\t\t\t\t<\/div>\n\t\t\t\t<\/div>\n\t\t\t\t<\/div>\n\t\t<div class=\"elementor-element elementor-element-c7455e7 e-con-full e-flex e-con e-child\" data-id=\"c7455e7\" data-element_type=\"container\" data-settings=\"{&quot;background_background&quot;:&quot;classic&quot;}\">\n\t\t\t\t<div class=\"elementor-element elementor-element-36521b5 elementor-invisible elementor-widget elementor-widget-spacer\" data-id=\"36521b5\" data-element_type=\"widget\" data-settings=\"{&quot;_animation&quot;:&quot;fadeIn&quot;}\" data-widget_type=\"spacer.default\">\n\t\t\t\t<div class=\"elementor-widget-container\">\n\t\t\t\t\t\t\t<div class=\"elementor-spacer\">\n\t\t\t<div class=\"elementor-spacer-inner\"><\/div>\n\t\t<\/div>\n\t\t\t\t\t\t<\/div>\n\t\t\t\t<\/div>\n\t\t\t\t<\/div>\n\t\t\t\t\t<\/div>\n\t\t\t\t<\/div>\n\t\t<div class=\"elementor-element elementor-element-6a46468 e-flex e-con-boxed e-con e-parent\" data-id=\"6a46468\" data-element_type=\"container\" data-settings=\"{&quot;background_background&quot;:&quot;classic&quot;}\">\n\t\t\t\t\t<div class=\"e-con-inner\">\n\t\t<div class=\"elementor-element elementor-element-e9e0f6a e-con-full e-flex e-con e-child\" data-id=\"e9e0f6a\" data-element_type=\"container\">\n\t\t\t\t<div class=\"elementor-element elementor-element-e2d769b elementor-widget elementor-widget-heading\" data-id=\"e2d769b\" data-element_type=\"widget\" data-widget_type=\"heading.default\">\n\t\t\t\t<div class=\"elementor-widget-container\">\n\t\t\t\t\t<h3 class=\"elementor-heading-title elementor-size-default\">Nuestra Filosof\u00eda<\/h3>\t\t\t\t<\/div>\n\t\t\t\t<\/div>\n\t\t\t\t<div class=\"elementor-element elementor-element-f115f5f elementor-widget elementor-widget-text-editor\" data-id=\"f115f5f\" data-element_type=\"widget\" data-widget_type=\"text-editor.default\">\n\t\t\t\t<div class=\"elementor-widget-container\">\n\t\t\t\t\t\t\t\t\tIdentificamos un problema en el mercado: muchas empresas, en su af\u00e1n de competir por precio, ofrecen soluciones obsoletas que descuidan aspectos fundamentales como la seguridad, el confort y la durabilidad. Esta situaci\u00f3n frecuentemente expone a los clientes a riesgos de seguridad, un microclima interior inadecuado y problemas de humedad y moho.<\/p>\n\n<p>Nuestra misi\u00f3n es cambiar esta realidad, priorizando la calidad, el rendimiento superior y un enfoque personalizado. Para nosotros, una ventana o puerta es un sistema integral que incide directamente en la seguridad, la eficiencia energ\u00e9tica y el bienestar general del hogar.<\/p>\t\t\t\t\t\t\t\t<\/div>\n\t\t\t\t<\/div>\n\t\t\t\t<\/div>\n\t\t\t\t\t<\/div>\n\t\t\t\t<\/div>\n\t\t<div class=\"elementor-element elementor-element-07515f2 e-grid e-con-boxed e-con e-child\" data-id=\"07515f2\" data-element_type=\"container\">\n\t\t\t\t\t<div class=\"e-con-inner\">\n\t\t<div class=\"elementor-element elementor-element-3ae491c e-con-full e-flex e-con e-child\" data-id=\"3ae491c\" data-element_type=\"container\">\n\t\t\t\t<div class=\"elementor-element elementor-element-7a7dba8 elementor-widget elementor-widget-heading\" data-id=\"7a7dba8\" data-element_type=\"widget\" data-widget_type=\"heading.default\">\n\t\t\t\t<div class=\"elementor-widget-container\">\n\t\t\t\t\t<h3 class=\"elementor-heading-title elementor-size-default\">Nuestras Soluciones<\/h3>\t\t\t\t<\/div>\n\t\t\t\t<\/div>\n\t\t\t\t<\/div>\n\t\t<div class=\"elementor-element elementor-element-c483dd3 e-con-full e-flex e-con e-child\" data-id=\"c483dd3\" data-element_type=\"container\">\n\t\t\t\t<div class=\"elementor-element elementor-element-06700ad elementor-widget elementor-widget-icon-box\" data-id=\"06700ad\" data-element_type=\"widget\" data-widget_type=\"icon-box.default\">\n\t\t\t\t<div class=\"elementor-widget-container\">\n\t\t\t\t\t\t\t<div class=\"elementor-icon-box-wrapper\">\n\n\t\t\t\n\t\t\t\t\t\t<div class=\"elementor-icon-box-content\">\n\n\t\t\t\t\t\t\t\t\t<h3 class=\"elementor-icon-box-title\">\n\t\t\t\t\t\t<span  >\n\t\t\t\t\t\t\tVentanas y Puertas Antirrobo: \t\t\t\t\t\t<\/span>\n\t\t\t\t\t<\/h3>\n\t\t\t\t\n\t\t\t\t\t\t\t\t\t<p class=\"elementor-icon-box-description\">\n\t\t\t\t\t\tOfrecemos ventanas y puertas de \u00faltima tecnolog\u00eda con propiedades mejoradas de resistencia contra el robo, garantizando as\u00ed la protecci\u00f3n de su hogar y de su familia.\t\t\t\t\t<\/p>\n\t\t\t\t\n\t\t\t<\/div>\n\t\t\t\n\t\t<\/div>\n\t\t\t\t\t\t<\/div>\n\t\t\t\t<\/div>\n\t\t\t\t<\/div>\n\t\t<div class=\"elementor-element elementor-element-e0dc182 e-con-full e-flex e-con e-child\" data-id=\"e0dc182\" data-element_type=\"container\">\n\t\t\t\t<div class=\"elementor-element elementor-element-45e571d elementor-widget elementor-widget-icon-box\" data-id=\"45e571d\" data-element_type=\"widget\" data-widget_type=\"icon-box.default\">\n\t\t\t\t<div class=\"elementor-widget-container\">\n\t\t\t\t\t\t\t<div class=\"elementor-icon-box-wrapper\">\n\n\t\t\t\n\t\t\t\t\t\t<div class=\"elementor-icon-box-content\">\n\n\t\t\t\t\t\t\t\t\t<h3 class=\"elementor-icon-box-title\">\n\t\t\t\t\t\t<span  >\n\t\t\t\t\t\t\tMicroclima \u00d3ptimo:\t\t\t\t\t\t<\/span>\n\t\t\t\t\t<\/h3>\n\t\t\t\t\n\t\t\t\t\t\t\t\t\t<p class=\"elementor-icon-box-description\">\n\t\t\t\t\t\t Aplicamos tecnolog\u00edas avanzadas para dise\u00f1ar soluciones que promueven un microclima saludable, evitando la aparici\u00f3n de moho y manteniendo una temperatura y humedad adecuadas para el confort de los ocupantes.\n\t\t\t\t\t<\/p>\n\t\t\t\t\n\t\t\t<\/div>\n\t\t\t\n\t\t<\/div>\n\t\t\t\t\t\t<\/div>\n\t\t\t\t<\/div>\n\t\t\t\t<\/div>\n\t\t<div class=\"elementor-element elementor-element-9565567 e-con-full e-flex e-con e-child\" data-id=\"9565567\" data-element_type=\"container\">\n\t\t\t\t<div class=\"elementor-element elementor-element-552ada7 elementor-widget elementor-widget-icon-box\" data-id=\"552ada7\" data-element_type=\"widget\" data-widget_type=\"icon-box.default\">\n\t\t\t\t<div class=\"elementor-widget-container\">\n\t\t\t\t\t\t\t<div class=\"elementor-icon-box-wrapper\">\n\n\t\t\t\n\t\t\t\t\t\t<div class=\"elementor-icon-box-content\">\n\n\t\t\t\t\t\t\t\t\t<h3 class=\"elementor-icon-box-title\">\n\t\t\t\t\t\t<span  >\n\t\t\t\t\t\t\tInnovaci\u00f3n y Hogar Inteligente: \t\t\t\t\t\t<\/span>\n\t\t\t\t\t<\/h3>\n\t\t\t\t\n\t\t\t\t\t\t\t\t\t<p class=\"elementor-icon-box-description\">\n\t\t\t\t\t\tNuestros productos se integran perfectamente con sistemas de automatizaci\u00f3n para el hogar, permitiendo un control eficiente del consumo energ\u00e9tico y facilitando una experiencia de comodidad y ahorro.\t\t\t\t\t<\/p>\n\t\t\t\t\n\t\t\t<\/div>\n\t\t\t\n\t\t<\/div>\n\t\t\t\t\t\t<\/div>\n\t\t\t\t<\/div>\n\t\t\t\t<\/div>\n\t\t\t\t\t<\/div>\n\t\t\t\t<\/div>\n\t\t<div class=\"elementor-element elementor-element-3e809e2 e-flex e-con-boxed e-con e-parent\" data-id=\"3e809e2\" data-element_type=\"container\" data-settings=\"{&quot;background_background&quot;:&quot;classic&quot;}\">\n\t\t\t\t\t<div class=\"e-con-inner\">\n\t\t<div class=\"elementor-element elementor-element-b624446 e-con-full e-flex e-con e-child\" data-id=\"b624446\" data-element_type=\"container\">\n\t\t\t\t<div class=\"elementor-element elementor-element-aec3cf2 elementor-widget elementor-widget-heading\" data-id=\"aec3cf2\" data-element_type=\"widget\" data-widget_type=\"heading.default\">\n\t\t\t\t<div class=\"elementor-widget-container\">\n\t\t\t\t\t<h3 class=\"elementor-heading-title elementor-size-default\">Compromiso con la Sostenibilidad<\/h3>\t\t\t\t<\/div>\n\t\t\t\t<\/div>\n\t\t\t\t<div class=\"elementor-element elementor-element-baaebb3 elementor-widget elementor-widget-text-editor\" data-id=\"baaebb3\" data-element_type=\"widget\" data-widget_type=\"text-editor.default\">\n\t\t\t\t<div class=\"elementor-widget-container\">\n\t\t\t\t\t\t\t\t\t<p data-pm-slice=\"1 1 []\">En SSE estamos comprometidos con la sostenibilidad. Nuestros productos no solo est\u00e1n dise\u00f1ados para maximizar la eficiencia energ\u00e9tica, sino tambi\u00e9n para reducir el impacto ambiental, utilizando materiales responsables y tecnolog\u00edas avanzadas que promueven un uso eficiente de los recursos.<\/p>\t\t\t\t\t\t\t\t<\/div>\n\t\t\t\t<\/div>\n\t\t\t\t<\/div>\n\t\t<div class=\"elementor-element elementor-element-16c49a0 e-con-full e-flex e-con e-child\" data-id=\"16c49a0\" data-element_type=\"container\" data-settings=\"{&quot;background_background&quot;:&quot;classic&quot;}\">\n\t\t\t\t<div class=\"elementor-element elementor-element-81e23e5 elementor-invisible elementor-widget elementor-widget-spacer\" data-id=\"81e23e5\" data-element_type=\"widget\" data-settings=\"{&quot;_animation&quot;:&quot;fadeIn&quot;}\" data-widget_type=\"spacer.default\">\n\t\t\t\t<div class=\"elementor-widget-container\">\n\t\t\t\t\t\t\t<div class=\"elementor-spacer\">\n\t\t\t<div class=\"elementor-spacer-inner\"><\/div>\n\t\t<\/div>\n\t\t\t\t\t\t<\/div>\n\t\t\t\t<\/div>\n\t\t\t\t<\/div>\n\t\t\t\t\t<\/div>\n\t\t\t\t<\/div>\n\t\t<div class=\"elementor-element elementor-element-a1b47cf e-flex e-con-boxed e-con e-parent\" data-id=\"a1b47cf\" data-element_type=\"container\">\n\t\t\t\t\t<div class=\"e-con-inner\">\n\t\t<div class=\"elementor-element elementor-element-a986ce3 e-con-full e-flex e-con e-child\" data-id=\"a986ce3\" data-element_type=\"container\">\n\t\t\t\t<div class=\"elementor-element elementor-element-5edce3e elementor-widget elementor-widget-heading\" data-id=\"5edce3e\" data-element_type=\"widget\" data-widget_type=\"heading.default\">\n\t\t\t\t<div class=\"elementor-widget-container\">\n\t\t\t\t\t<h3 class=\"elementor-heading-title elementor-size-default\">Por Qu\u00e9 Elegir SSE<\/h3>\t\t\t\t<\/div>\n\t\t\t\t<\/div>\n\t\t\t\t<\/div>\n\t\t<div class=\"elementor-element elementor-element-5d41dfc e-con-full e-flex e-con e-child\" data-id=\"5d41dfc\" data-element_type=\"container\">\n\t\t<div class=\"elementor-element elementor-element-189f447 e-con-full e-flex e-con e-child\" data-id=\"189f447\" data-element_type=\"container\" data-settings=\"{&quot;background_background&quot;:&quot;classic&quot;}\">\n\t\t\t\t<div class=\"elementor-element elementor-element-53d29c2 elementor-widget elementor-widget-spacer\" data-id=\"53d29c2\" data-element_type=\"widget\" data-widget_type=\"spacer.default\">\n\t\t\t\t<div class=\"elementor-widget-container\">\n\t\t\t\t\t\t\t<div class=\"elementor-spacer\">\n\t\t\t<div class=\"elementor-spacer-inner\"><\/div>\n\t\t<\/div>\n\t\t\t\t\t\t<\/div>\n\t\t\t\t<\/div>\n\t\t\t\t<\/div>\n\t\t<div class=\"elementor-element elementor-element-d83d5b2 e-con-full e-flex e-con e-child\" data-id=\"d83d5b2\" data-element_type=\"container\">\n\t\t\t\t<div class=\"elementor-element elementor-element-e269d8d elementor-widget elementor-widget-text-editor\" data-id=\"e269d8d\" data-element_type=\"widget\" data-widget_type=\"text-editor.default\">\n\t\t\t\t<div class=\"elementor-widget-container translation-block\"><strong style=\"font-size: larger; font-weight: bold;\">Enfoque Personalizado<\/strong>: Cada proyecto se dise\u00f1a espec\u00edficamente para satisfacer las necesidades particulares de nuestros clientes. No trabajamos con soluciones est\u00e1ndar; cada propuesta es completamente individualizada.<p><\/p><\/div>\n\t\t\t\t<\/div>\n\t\t\t\t<div class=\"elementor-element elementor-element-4f47a0e elementor-widget elementor-widget-text-editor\" data-id=\"4f47a0e\" data-element_type=\"widget\" data-widget_type=\"text-editor.default\">\n\t\t\t\t<div class=\"elementor-widget-container translation-block\"><strong style=\"font-size: larger; font-weight: bold;\">Calidad Sin Compromisos<\/strong>: Colaboramos con los fabricantes europeos m\u00e1s reconocidos y utilizamos \u00fanicamente materiales y tecnolog\u00edas de la m\u00e1s alta calidad.<\/div>\n\t\t\t\t<\/div>\n\t\t\t\t<\/div>\n\t\t<div class=\"elementor-element elementor-element-4a6711c e-con-full e-flex e-con e-child\" data-id=\"4a6711c\" data-element_type=\"container\">\n\t\t\t\t<div class=\"elementor-element elementor-element-bb41797 elementor-widget elementor-widget-text-editor\" data-id=\"bb41797\" data-element_type=\"widget\" data-widget_type=\"text-editor.default\">\n\t\t\t\t<div class=\"elementor-widget-container translation-block\"><strong style=\"font-size: larger; font-weight: bold;\">Profesionalismo<\/strong>: Nuestro equipo est\u00e1 compuesto por ingenieros y t\u00e9cnicos altamente cualificados que se mantienen en constante formaci\u00f3n para ofrecer las mejores soluciones disponibles en el mercado.<\/div>\n\t\t\t\t<\/div>\n\t\t\t\t<div class=\"elementor-element elementor-element-44fc496 elementor-widget elementor-widget-text-editor\" data-id=\"44fc496\" data-element_type=\"widget\" data-widget_type=\"text-editor.default\">\n\t\t\t\t<div class=\"elementor-widget-container translation-block\"><strong style=\"font-size: larger; font-weight: bold;\">Transparencia y Comunicaci\u00f3n<\/strong>: Fomentamos una comunicaci\u00f3n abierta y honesta con nuestros clientes. Usted siempre estar\u00e1 informado sobre el estado de su proyecto y podr\u00e1 plantear cualquier duda en cualquier momento.<p><\/p><\/div>\n\t\t\t\t<\/div>\n\t\t\t\t<\/div>\n\t\t\t\t<\/div>\n\t\t\t\t\t<\/div>\n\t\t\t\t<\/div>\n\t\t<div class=\"elementor-element elementor-element-8f679e7 e-flex e-con-boxed e-con e-parent\" data-id=\"8f679e7\" data-element_type=\"container\" data-settings=\"{&quot;background_background&quot;:&quot;classic&quot;}\">\n\t\t\t\t\t<div class=\"e-con-inner\">\n\t\t<div class=\"elementor-element elementor-element-7f16575 e-con-full e-flex e-con e-child\" data-id=\"7f16575\" data-element_type=\"container\">\n\t\t\t\t<div class=\"elementor-element elementor-element-c047b86 elementor-widget elementor-widget-heading\" data-id=\"c047b86\" data-element_type=\"widget\" data-widget_type=\"heading.default\">\n\t\t\t\t<div class=\"elementor-widget-container\">\n\t\t\t\t\t<h3 class=\"elementor-heading-title elementor-size-default\">Colaboraci\u00f3n<\/h3>\t\t\t\t<\/div>\n\t\t\t\t<\/div>\n\t\t\t\t<div class=\"elementor-element elementor-element-e04090b elementor-widget elementor-widget-text-editor\" data-id=\"e04090b\" data-element_type=\"widget\" data-widget_type=\"text-editor.default\">\n\t\t\t\t<div class=\"elementor-widget-container\">\n\t\t\t\t\t\t\t\t\t<p data-pm-slice=\"1 1 []\">Estamos interesados en colaborar con nuevos socios, incluyendo promotores, arquitectos y otras empresas del sector de la construcci\u00f3n y el dise\u00f1o. Juntos podemos establecer nuevos est\u00e1ndares de calidad e innovaci\u00f3n en la industria.<\/p>\t\t\t\t\t\t\t\t<\/div>\n\t\t\t\t<\/div>\n\t\t\t\t<\/div>\n\t\t\t\t\t<\/div>\n\t\t\t\t<\/div>\n\t\t<div class=\"elementor-element elementor-element-08494d6 e-flex e-con-boxed e-con e-parent\" data-id=\"08494d6\" data-element_type=\"container\" data-settings=\"{&quot;background_background&quot;:&quot;classic&quot;}\">\n\t\t\t\t\t<div class=\"e-con-inner\">\n\t\t<div class=\"elementor-element elementor-element-7586d53 e-con-full e-flex e-con e-child\" data-id=\"7586d53\" data-element_type=\"container\" data-settings=\"{&quot;background_background&quot;:&quot;classic&quot;}\">\n\t\t\t\t<div class=\"elementor-element elementor-element-a2aa53b elementor-widget elementor-widget-heading\" data-id=\"a2aa53b\" data-element_type=\"widget\" data-widget_type=\"heading.default\">\n\t\t\t\t<div class=\"elementor-widget-container\">\n\t\t\t\t\t<h3 class=\"elementor-heading-title elementor-size-default\">Cont\u00e1ctenos<\/h3>\t\t\t\t<\/div>\n\t\t\t\t<\/div>\n\t\t\t\t<div class=\"elementor-element elementor-element-eac5fa7 elementor-widget elementor-widget-text-editor\" data-id=\"eac5fa7\" data-element_type=\"widget\" data-widget_type=\"text-editor.default\">\n\t\t\t\t<div class=\"elementor-widget-container\">\n\t\t\t\t\t\t\t\t\t<p data-pm-slice=\"1 1 []\">Si busca soluciones que integren tecnolog\u00eda avanzada, seguridad y est\u00e9tica, SSE es su socio de confianza. Estamos listos para discutir c\u00f3mo podemos hacer realidad sus ideas.<\/p>\t\t\t\t\t\t\t\t<\/div>\n\t\t\t\t<\/div>\n\t\t\t\t<\/div>\n\t\t<div class=\"elementor-element elementor-element-2b3c62c e-flex e-con-boxed e-con e-child\" data-id=\"2b3c62c\" data-element_type=\"container\" data-settings=\"{&quot;background_background&quot;:&quot;classic&quot;}\">\n\t\t\t\t\t<div class=\"e-con-inner\">\n\t\t\t\t<div class=\"elementor-element elementor-element-86d81e8 elementor-button-align-end elementor-widget elementor-widget-form\" data-id=\"86d81e8\" data-element_type=\"widget\" data-settings=\"{&quot;step_next_label&quot;:&quot;Siguiente&quot;,&quot;step_previous_label&quot;:&quot;Anterior&quot;,&quot;button_width&quot;:&quot;100&quot;,&quot;step_type&quot;:&quot;number_text&quot;,&quot;step_icon_shape&quot;:&quot;circle&quot;}\" data-widget_type=\"form.default\">\n\t\t\t\t<div class=\"elementor-widget-container\">\n\t\t\t\t\t\t\t<form class=\"elementor-form\" method=\"post\" name=\"Nuevo formulario\" aria-label=\"Nuevo formulario\" action=\"\">\n\t\t\t<input type=\"hidden\" name=\"post_id\" value=\"20\"\/>\n\t\t\t<input type=\"hidden\" name=\"form_id\" value=\"86d81e8\"\/>\n\t\t\t<input type=\"hidden\" name=\"referer_title\" value=\"Nosotros\" \/>\n\n\t\t\t\t\t\t\t<input type=\"hidden\" name=\"queried_id\" value=\"20\"\/>\n\t\t\t\n\t\t\t<div class=\"elementor-form-fields-wrapper elementor-labels-above\">\n\t\t\t\t\t\t\t\t<div class=\"elementor-field-type-text elementor-field-group elementor-column elementor-field-group-name elementor-col-100\">\n\t\t\t\t\t\t\t\t\t\t\t\t<label for=\"form-field-name\" class=\"elementor-field-label\">\n\t\t\t\t\t\t\t\tNombre\t\t\t\t\t\t\t<\/label>\n\t\t\t\t\t\t\t\t\t\t\t\t\t\t<input size=\"1\" type=\"text\" name=\"form_fields[name]\" id=\"form-field-name\" class=\"elementor-field elementor-size-xs  elementor-field-textual\">\n\t\t\t\t\t\t\t\t\t\t\t<\/div>\n\t\t\t\t\t\t\t\t<div class=\"elementor-field-type-text elementor-field-group elementor-column elementor-field-group-field_1e1f66f elementor-col-100\">\n\t\t\t\t\t\t\t\t\t\t\t\t<label for=\"form-field-field_1e1f66f\" class=\"elementor-field-label\">\n\t\t\t\t\t\t\t\tNumero Telefono\t\t\t\t\t\t\t<\/label>\n\t\t\t\t\t\t\t\t\t\t\t\t\t\t<input size=\"1\" type=\"text\" name=\"form_fields[field_1e1f66f]\" id=\"form-field-field_1e1f66f\" class=\"elementor-field elementor-size-xs  elementor-field-textual\">\n\t\t\t\t\t\t\t\t\t\t\t<\/div>\n\t\t\t\t\t\t\t\t<div class=\"elementor-field-type-email elementor-field-group elementor-column elementor-field-group-email elementor-col-100 elementor-field-required\">\n\t\t\t\t\t\t\t\t\t\t\t\t<label for=\"form-field-email\" class=\"elementor-field-label\">\n\t\t\t\t\t\t\t\tCorreo electr\u00f3nico\t\t\t\t\t\t\t<\/label>\n\t\t\t\t\t\t\t\t\t\t\t\t\t\t<input size=\"1\" type=\"email\" name=\"form_fields[email]\" id=\"form-field-email\" class=\"elementor-field elementor-size-xs  elementor-field-textual\" required=\"required\">\n\t\t\t\t\t\t\t\t\t\t\t<\/div>\n\t\t\t\t\t\t\t\t<div class=\"elementor-field-type-textarea elementor-field-group elementor-column elementor-field-group-message elementor-col-100\">\n\t\t\t\t\t\t\t\t\t\t\t\t<label for=\"form-field-message\" class=\"elementor-field-label\">\n\t\t\t\t\t\t\t\t Detalles del Proyecto o Consulta:\t\t\t\t\t\t\t<\/label>\n\t\t\t\t\t\t<textarea class=\"elementor-field-textual elementor-field  elementor-size-xs\" name=\"form_fields[message]\" id=\"form-field-message\" rows=\"4\"><\/textarea>\t\t\t\t<\/div>\n\t\t\t\t\t\t\t\t<div class=\"elementor-field-group elementor-column elementor-field-type-submit elementor-col-100 e-form__buttons\">\n\t\t\t\t\t<button class=\"elementor-button elementor-size-xs\" type=\"submit\">\n\t\t\t\t\t\t<span class=\"elementor-button-content-wrapper\">\n\t\t\t\t\t\t\t\t\t\t\t\t\t\t\t\t\t\t\t\t\t\t<span class=\"elementor-button-text\">Enviar<\/span>\n\t\t\t\t\t\t\t\t\t\t\t\t\t<\/span>\n\t\t\t\t\t<\/button>\n\t\t\t\t<\/div>\n\t\t\t<\/div>\n\t\t<input type=\"hidden\" name=\"trp-form-language\" value=\"de\"\/><\/form>\n\t\t\t\t\t\t<\/div>\n\t\t\t\t<\/div>\n\t\t\t\t\t<\/div>\n\t\t\t\t<\/div>\n\t\t\t\t\t<\/div>\n\t\t\t\t<\/div>\n\t\t<div class=\"elementor-element elementor-element-759a26d e-flex e-con-boxed e-con e-parent\" data-id=\"759a26d\" data-element_type=\"container\">\n\t\t\t\t\t<div class=\"e-con-inner\">\n\t\t\t\t<div class=\"elementor-element elementor-element-22b7ee7 elementor-widget elementor-widget-heading\" data-id=\"22b7ee7\" data-element_type=\"widget\" data-widget_type=\"heading.default\">\n\t\t\t\t<div class=\"elementor-widget-container\">\n\t\t\t\t\t<h3 class=\"elementor-heading-title elementor-size-default\">En SSE no solo instalamos ventanas y puertas; creamos espacios donde usted se sentir\u00e1 seguro, c\u00f3modo y conectado con la modernidad. Conf\u00ede en nosotros, y nos aseguraremos de superar todas sus expectativas.<\/h3>\t\t\t\t<\/div>\n\t\t\t\t<\/div>\n\t\t\t\t\t<\/div>\n\t\t\t\t<\/div>\n\t\t\t\t<\/div>","protected":false},"excerpt":{"rendered":"<p>SSE: Innovaci\u00f3n en Ventanas y Puertas Safe Smart Energy En SSE\u00a0 comprendemos que las ventanas y puertas no son solo componentes funcionales de una edificaci\u00f3n, sino elementos esenciales que definen el confort y la calidad de vida en el hogar. Nuestra historia comenz\u00f3 en 2017 con una visi\u00f3n clara: proporcionar soluciones innovadoras en el \u00e1mbito [&hellip;]<\/p>","protected":false},"author":1,"featured_media":0,"parent":0,"menu_order":0,"comment_status":"closed","ping_status":"closed","template":"","meta":{"_acf_changed":false,"footnotes":""},"class_list":["post-20","page","type-page","status-publish","hentry"],"acf":[],"_links":{"self":[{"href":"https:\/\/safesmartenergy.com\/de\/wp-json\/wp\/v2\/pages\/20","targetHints":{"allow":["GET"]}}],"collection":[{"href":"https:\/\/safesmartenergy.com\/de\/wp-json\/wp\/v2\/pages"}],"about":[{"href":"https:\/\/safesmartenergy.com\/de\/wp-json\/wp\/v2\/types\/page"}],"author":[{"embeddable":true,"href":"https:\/\/safesmartenergy.com\/de\/wp-json\/wp\/v2\/users\/1"}],"replies":[{"embeddable":true,"href":"https:\/\/safesmartenergy.com\/de\/wp-json\/wp\/v2\/comments?post=20"}],"version-history":[{"count":56,"href":"https:\/\/safesmartenergy.com\/de\/wp-json\/wp\/v2\/pages\/20\/revisions"}],"predecessor-version":[{"id":2327,"href":"https:\/\/safesmartenergy.com\/de\/wp-json\/wp\/v2\/pages\/20\/revisions\/2327"}],"wp:attachment":[{"href":"https:\/\/safesmartenergy.com\/de\/wp-json\/wp\/v2\/media?parent=20"}],"curies":[{"name":"wp","href":"https:\/\/api.w.org\/{rel}","templated":true}]}}