{"id":2027,"date":"2024-11-11T23:27:29","date_gmt":"2024-11-11T23:27:29","guid":{"rendered":"https:\/\/safesmartenergy.com\/?page_id=2027"},"modified":"2024-11-11T23:27:29","modified_gmt":"2024-11-11T23:27:29","slug":"accesibilidad","status":"publish","type":"page","link":"https:\/\/safesmartenergy.com\/de\/accesibilidad\/","title":{"rendered":"Accesibilidad"},"content":{"rendered":"<h1 class=\"wp-block-heading\"><strong>Declaraci\u00f3n de Accesibilidad de https:\/\/safesmartenergy.com\/<\/strong><\/h1>\n\n\n\n<p>PescaderiaPuntaMar.es est\u00e1 comprometida con la accesibilidad de su sitio web. Esto se realiza en conformidad con el Real Decreto 1112\/2018 del 7 de septiembre, sobre la accesibilidad de los sitios web y aplicaciones m\u00f3viles del sector p\u00fablico. Este decreto adapta la Directiva (UE) 2016\/2102 a la legislaci\u00f3n espa\u00f1ola.<\/p>\n\n\n\n<h2 class=\"wp-block-heading\"><strong>Estado de Conformidad<\/strong><\/h2>\n\n\n\n<p>Este sitio web cumple parcialmente con el Real Decreto 1112\/2018 debido a algunas excepciones y faltas de conformidad que se detallan a continuaci\u00f3n.<\/p>\n\n\n\n<h2 class=\"wp-block-heading\"><strong>Contenido No Accesible<\/strong><\/h2>\n\n\n\n<p>Algunos contenidos no cumplen con los requisitos de accesibilidad por las siguientes razones:<\/p>\n\n\n\n<h3 class=\"wp-block-heading\"><strong>Incumplimientos del RD 1112\/2018<\/strong><\/h3>\n\n\n\n<ul class=\"wp-block-list\">\n<li>Debido a la automatizaci\u00f3n en algunas publicaciones, puede haber problemas con el anidamiento incorrecto de etiquetas HTML.<\/li>\n\n\n\n<li>Algunos documentos en formato PDF no cumplen con los est\u00e1ndares de accesibilidad, aunque se han proporcionado versiones alternativas en HTML que s\u00ed cumplen con la normativa.<\/li>\n\n\n\n<li>Puede haber errores puntuales de edici\u00f3n en ciertas p\u00e1ginas del sitio web.<\/li>\n<\/ul>\n\n\n\n<h3 class=\"wp-block-heading\"><strong>Contenido fuera del \u00c1mbito de la Legislaci\u00f3n Aplicable<\/strong><\/h3>\n\n\n\n<ul class=\"wp-block-list\">\n<li>Documentos ofim\u00e1ticos en PDF u otros formatos, y aplicaciones publicadas antes del 20 de septiembre de 2018, que no cumplen con todos los requisitos de accesibilidad.<\/li>\n\n\n\n<li>Contenido multimedia en directo.<\/li>\n\n\n\n<li>Contenidos multimedia pregrabados, como sesiones plenarias y ruedas de prensa, o que fueron publicados antes de la entrada en vigor del Real Decreto.<\/li>\n\n\n\n<li>Servicios de mapas y cartograf\u00eda en l\u00ednea.<\/li>\n<\/ul>\n\n\n\n<h2 class=\"wp-block-heading\"><strong>Preparaci\u00f3n de la Declaraci\u00f3n de Accesibilidad<\/strong><\/h2>\n\n\n\n<p>Esta declaraci\u00f3n fue preparada el 28 de octubre de 2019, basada en los informes del Observatorio de Accesibilidad Web. La \u00faltima revisi\u00f3n se realiz\u00f3 el 29 de septiembre de 2020.<\/p>\n\n\n\n<h2 class=\"wp-block-heading\"><strong>Observaciones y Contacto<\/strong><\/h2>\n\n\n\n<p>Si desea hacer comentarios sobre la accesibilidad del sitio web (art\u00edculo 10.2 del RD 1112\/2018), puede:<\/p>\n\n\n\n<ul class=\"wp-block-list\">\n<li>Informarnos sobre cualquier posible incumplimiento de accesibilidad.<\/li>\n\n\n\n<li>Comunicar cualquier dificultad para acceder al contenido.<\/li>\n\n\n\n<li>Hacer consultas o sugerencias para mejorar la accesibilidad del sitio web.<\/li>\n<\/ul>\n\n\n\n<p>Para contactarnos, utilice el formulario disponible en este sitio web en el siguiente enlace: formulario de contacto. Su comunicaci\u00f3n ser\u00e1 recibida y atendida por nuestro equipo.<\/p>\n\n\n\n<h2 class=\"wp-block-heading\"><strong>Caracter\u00edsticas Opcionales<\/strong><\/h2>\n\n\n\n<p class=\"translation-block\">Este sitio web est\u00e1 creado por la<a href=\"https:\/\/webskill.es\/\" target=\"_self\"> empresa:<\/a><\/p>\n\n\n\n<ul class=\"wp-block-list\">\n<li>Ha sido dise\u00f1ado conforme a los est\u00e1ndares y normativas vigentes de accesibilidad, cumpliendo con los puntos de verificaci\u00f3n de prioridad 2 (AA) de las Pautas de Accesibilidad al Contenido en la Web (WCAG 2.1).<\/li>\n\n\n\n<li>Cumple con los requisitos de la Norma UNE-EN 301549 v1.1.2:2015, con las excepciones especificadas en el Real Decreto 1112\/2018.<\/li>\n\n\n\n<li>Est\u00e1 optimizado para una correcta visualizaci\u00f3n en dispositivos de escritorio, tablet y m\u00f3viles, con una resoluci\u00f3n m\u00ednima de 1280&#215;1024.<\/li>\n\n\n\n<li>Utiliza HTML5 como lenguaje de marcado y CSS3 para el dise\u00f1o, garantizando la compatibilidad y el rendimiento \u00f3ptimo en todos los dispositivos.<\/li>\n\n\n\n<li>Funciona con JavaScript no intrusivo y proporciona alternativas cuando el navegador no soporta JavaScript.<\/li>\n<\/ul>\n\n\n\n<p><\/p>","protected":false},"excerpt":{"rendered":"<p>Declaraci\u00f3n de Accesibilidad de https:\/\/safesmartenergy.com\/ PescaderiaPuntaMar.es est\u00e1 comprometida con la accesibilidad de su sitio web. Esto se realiza en conformidad con el Real Decreto 1112\/2018 del 7 de septiembre, sobre la accesibilidad de los sitios web y aplicaciones m\u00f3viles del sector p\u00fablico. Este decreto adapta la Directiva (UE) 2016\/2102 a la legislaci\u00f3n espa\u00f1ola. Estado de [&hellip;]<\/p>","protected":false},"author":1,"featured_media":0,"parent":0,"menu_order":0,"comment_status":"closed","ping_status":"closed","template":"","meta":{"_acf_changed":false,"footnotes":""},"class_list":["post-2027","page","type-page","status-publish","hentry"],"acf":[],"_links":{"self":[{"href":"https:\/\/safesmartenergy.com\/de\/wp-json\/wp\/v2\/pages\/2027","targetHints":{"allow":["GET"]}}],"collection":[{"href":"https:\/\/safesmartenergy.com\/de\/wp-json\/wp\/v2\/pages"}],"about":[{"href":"https:\/\/safesmartenergy.com\/de\/wp-json\/wp\/v2\/types\/page"}],"author":[{"embeddable":true,"href":"https:\/\/safesmartenergy.com\/de\/wp-json\/wp\/v2\/users\/1"}],"replies":[{"embeddable":true,"href":"https:\/\/safesmartenergy.com\/de\/wp-json\/wp\/v2\/comments?post=2027"}],"version-history":[{"count":1,"href":"https:\/\/safesmartenergy.com\/de\/wp-json\/wp\/v2\/pages\/2027\/revisions"}],"predecessor-version":[{"id":2028,"href":"https:\/\/safesmartenergy.com\/de\/wp-json\/wp\/v2\/pages\/2027\/revisions\/2028"}],"wp:attachment":[{"href":"https:\/\/safesmartenergy.com\/de\/wp-json\/wp\/v2\/media?parent=2027"}],"curies":[{"name":"wp","href":"https:\/\/api.w.org\/{rel}","templated":true}]}}